{"id":26,"date":"2020-10-27T05:05:37","date_gmt":"2020-10-27T05:05:37","guid":{"rendered":"http:\/\/seodo.themezinho.net\/?page_id=26"},"modified":"2025-09-25T16:45:04","modified_gmt":"2025-09-25T19:45:04","slug":"contato","status":"publish","type":"page","link":"\/cajuina\/contato\/","title":{"rendered":"Contato"},"content":{"rendered":"<section class=\"wpb-content-wrapper\"><p>[vc_row css_animation=&#8221;none&#8221; use_container=&#8221;yes&#8221;][vc_column][ts_section_title animate_block=&#8221;yes&#8221; animation_type=&#8221;slideInUp&#8221; tagline=&#8221;Veja como voc\u00ea pode entrar em contato&#8221; description=&#8221;Se voc\u00ea \u00e9 um membro atual da Funda\u00e7\u00e3o Caju\u00edna ou est\u00e1 pensando em se juntar a n\u00f3s, fa\u00e7a uma pergunta.&#8221;][vc_row_inner][vc_column_inner offset=&#8221;vc_col-md-6&#8243;]\n<div class=\"wpcf7 no-js\" id=\"wpcf7-f6-o1\" lang=\"pt-BR\" dir=\"ltr\">\n<div class=\"screen-reader-response\"><p role=\"status\" aria-live=\"polite\" aria-atomic=\"true\"><\/p> <ul><\/ul><\/div>\n<form action=\"\/cajuina\/wp-json\/wp\/v2\/pages\/26#wpcf7-f6-o1\" method=\"post\" class=\"wpcf7-form init\" aria-label=\"Formul\u00e1rios de contato\" novalidate=\"novalidate\" data-status=\"init\">\n<div style=\"display: none;\">\n<input type=\"hidden\" name=\"_wpcf7\" value=\"6\" \/>\n<input type=\"hidden\" name=\"_wpcf7_version\" value=\"5.7.4\" \/>\n<input type=\"hidden\" name=\"_wpcf7_locale\" value=\"pt_BR\" \/>\n<input type=\"hidden\" name=\"_wpcf7_unit_tag\" value=\"wpcf7-f6-o1\" \/>\n<input type=\"hidden\" name=\"_wpcf7_container_post\" value=\"0\" \/>\n<input type=\"hidden\" name=\"_wpcf7_posted_data_hash\" value=\"\" \/>\n<\/div>\n<p><label> Seu nome<br \/>\n<span class=\"wpcf7-form-control-wrap\" data-name=\"your-name\"><input size=\"40\" class=\"wpcf7-form-control wpcf7-text wpcf7-validates-as-required\" autocomplete=\"name\" aria-required=\"true\" aria-invalid=\"false\" value=\"\" type=\"text\" name=\"your-name\" \/><\/span> <\/label>\n<\/p>\n<p><label> Seu e-mail<br \/>\n<span class=\"wpcf7-form-control-wrap\" data-name=\"your-email\"><input size=\"40\" class=\"wpcf7-form-control wpcf7-text wpcf7-email wpcf7-validates-as-required wpcf7-validates-as-email\" autocomplete=\"email\" aria-required=\"true\" aria-invalid=\"false\" value=\"\" type=\"email\" name=\"your-email\" \/><\/span> <\/label>\n<\/p>\n<p><label> Assunto<br \/>\n<span class=\"wpcf7-form-control-wrap\" data-name=\"your-subject\"><input size=\"40\" class=\"wpcf7-form-control wpcf7-text wpcf7-validates-as-required\" aria-required=\"true\" aria-invalid=\"false\" value=\"\" type=\"text\" name=\"your-subject\" \/><\/span> <\/label>\n<\/p>\n<p><label> Sua mensagem (opcional)<br \/>\n<span class=\"wpcf7-form-control-wrap\" data-name=\"your-message\"><textarea cols=\"40\" rows=\"10\" class=\"wpcf7-form-control wpcf7-textarea\" aria-invalid=\"false\" name=\"your-message\"><\/textarea><\/span> <\/label>\n<\/p>\n<p><input class=\"wpcf7-form-control has-spinner wpcf7-submit\" type=\"submit\" value=\"Enviar\" \/>\n<\/p><div class=\"wpcf7-response-output\" aria-hidden=\"true\"><\/div>\n<\/form>\n<\/div>\n[\/vc_column_inner][vc_column_inner offset=&#8221;vc_col-md-6&#8243;][ts_contact_box animate_block=&#8221;yes&#8221; animation_type=&#8221;slideInRight&#8221; icon=&#8221;951&#8243; title=&#8221;Esperando sua liga\u00e7\u00e3o&#8221; contact=&#8221;(86) 3304-2584&#8243;][ts_contact_box animate_block=&#8221;yes&#8221; animation_type=&#8221;slideInRight&#8221; icon=&#8221;953&#8243; title=&#8221;E-mail&#8221; contact=&#8221;cajuinasocial@gmail.com&#8221;][ts_contact_box animate_block=&#8221;yes&#8221; animation_type=&#8221;slideInRight&#8221; icon=&#8221;959&#8243; title=&#8221;Endere\u00e7o&#8221; contact=&#8221;R. Pereira da Costa, 289 \u2013 Noivos \u2013 64046-080&#8243;][\/vc_column_inner][\/vc_row_inner][\/vc_column][\/vc_row][vc_row css_animation=&#8221;fadeInUp&#8221; motts_theme_padding=&#8221;no&#8221; css=&#8221;.vc_custom_1681398821556{margin-right: 0px !important;margin-left: 0px !important;}&#8221;][vc_column css=&#8221;.vc_custom_1603865812052{margin-top: -150px !important;padding-right: 0px !important;padding-left: 0px !important;}&#8221;][ts_google_maps iframe_url=&#8221;https:\/\/www.google.com\/maps\/embed?pb=!1m18!1m12!1m3!1d3974.129666565979!2d-42.788332!3d-5.082721599999999!2m3!1f0!2f0!3f0!3m2!1i1024!2i768!4f13.1!3m3!1m2!1s0x78e39f9d48c613f%3A0xfa096d7cb113b616!2sR.%20Pereira%20da%20Costa%2C%20289%20-%20Noivos%2C%20Teresina%20-%20PI%2C%2064046-080!5e0!3m2!1sen!2sbr!4v1678123499816!5m2!1sen!2sbr&#8221; map_height=&#8221;520px&#8221;][\/vc_column][\/vc_row]<\/p>\n<\/section>","protected":false},"excerpt":{"rendered":"<p>[vc_row css_animation=&#8221;none&#8221; use_container=&#8221;yes&#8221;][vc_column][ts_section_title animate_block=&#8221;yes&#8221; animation_type=&#8221;slideInUp&#8221; tagline=&#8221;Veja como voc\u00ea pode entrar em contato&#8221; description=&#8221;Se voc\u00ea \u00e9 um membro atual da Funda\u00e7\u00e3o Caju\u00edna ou est\u00e1 pensando em se juntar a n\u00f3s, fa\u00e7a uma pergunta.&#8221;][vc_row_inner][vc_column_inner offset=&#8221;vc_col-md-6&#8243;][\/vc_column_inner][vc_column_inner offset=&#8221;vc_col-md-6&#8243;][ts_contact_box animate_block=&#8221;yes&#8221; animation_type=&#8221;slideInRight&#8221; icon=&#8221;951&#8243; title=&#8221;Esperando sua liga\u00e7\u00e3o&#8221; contact=&#8221;(86) 3304-2584&#8243;][ts_contact_box animate_block=&#8221;yes&#8221; animation_type=&#8221;slideInRight&#8221; icon=&#8221;953&#8243; title=&#8221;E-mail&#8221; contact=&#8221;cajuinasocial@gmail.com&#8221;][ts_contact_box animate_block=&#8221;yes&#8221; animation_type=&#8221;slideInRight&#8221; icon=&#8221;959&#8243; title=&#8221;Endere\u00e7o&#8221; contact=&#8221;R. Pereira da Costa, [&hellip;]<\/p>\n","protected":false},"author":1,"featured_media":0,"parent":0,"menu_order":0,"comment_status":"closed","ping_status":"closed","template":"page-builder.php","meta":{"_mi_skip_tracking":false,"footnotes":""},"class_list":["post-26","page","type-page","status-publish","hentry"],"aioseo_notices":[],"_links":{"self":[{"href":"\/cajuina\/wp-json\/wp\/v2\/pages\/26","targetHints":{"allow":["GET"]}}],"collection":[{"href":"\/cajuina\/wp-json\/wp\/v2\/pages"}],"about":[{"href":"\/cajuina\/wp-json\/wp\/v2\/types\/page"}],"author":[{"embeddable":true,"href":"\/cajuina\/wp-json\/wp\/v2\/users\/1"}],"replies":[{"embeddable":true,"href":"\/cajuina\/wp-json\/wp\/v2\/comments?post=26"}],"version-history":[{"count":50,"href":"\/cajuina\/wp-json\/wp\/v2\/pages\/26\/revisions"}],"predecessor-version":[{"id":1107,"href":"\/cajuina\/wp-json\/wp\/v2\/pages\/26\/revisions\/1107"}],"wp:attachment":[{"href":"\/cajuina\/wp-json\/wp\/v2\/media?parent=26"}],"curies":[{"name":"wp","href":"https:\/\/api.w.org\/{rel}","templated":true}]}}