{"id":527,"date":"2023-03-06T14:57:24","date_gmt":"2023-03-06T17:57:24","guid":{"rendered":"\/cajuina\/?page_id=527"},"modified":"2023-04-17T10:21:07","modified_gmt":"2023-04-17T13:21:07","slug":"sobre","status":"publish","type":"page","link":"\/cajuina\/sobre\/","title":{"rendered":"Quem Somos"},"content":{"rendered":"<section class=\"wpb-content-wrapper\"><p>[vc_row full_width=&#8221;stretch_row&#8221; css_animation=&#8221;fadeIn&#8221; motts_theme_padding=&#8221;no&#8221; use_container=&#8221;yes&#8221;][vc_column][vc_row_inner][vc_column_inner][ts_section_title align=&#8221;text-left&#8221; animate_block=&#8221;yes&#8221; animation_type=&#8221;fadeInLeft&#8221; tagline=&#8221;sobre n\u00f3s&#8221; title=&#8221;Quem somos?&#8221; description=&#8221;A Funda\u00e7\u00e3o Caju\u00edna \u00e9 uma organiza\u00e7\u00e3o da sociedade civil &#8211; OSC &#8211; sem fins lucrativos, que tem como principal objetivo contribuir para uma sociedade onde todos tenham acesso aos seus direitos fundamentais. Fundada em 1993, a entidade trabalha na elabora\u00e7\u00e3o e execu\u00e7\u00e3o de projetos sociais que visam o atendimento de crian\u00e7as, adolescentes, jovens, adultos e idosos que tiverem seus direitos violados e vivem em situa\u00e7\u00e3o de extrema vulnerabilidade social. Nossa atua\u00e7\u00e3o acontece atrav\u00e9s dos seguintes pilares: cidadania, educa\u00e7\u00e3o, cultura, bem estar, economia e sa\u00fade.&#8221;][\/vc_column_inner][\/vc_row_inner][\/vc_column][\/vc_row][vc_row full_width=&#8221;stretch_row&#8221; use_container=&#8221;yes&#8221; css=&#8221;.vc_custom_1678209690865{padding-top: 0px !important;background-color: #fbf7f4 !important;}&#8221;][vc_column][vc_row_inner][vc_column_inner css=&#8221;.vc_custom_1678195593691{padding-bottom: 1rem !important;}&#8221;][ts_side_content_image_box display_link=&#8221;show&#8221; animate_block=&#8221;yes&#8221; animation_type=&#8221;fadeInUp&#8221; image=&#8221;622&#8243; alt=&#8221;Image&#8221; side_content=&#8221;<\/p>\n<h4>Miss\u00e3o<\/h4>\n<p>Contribuir para o desenvolvimento social, cultural, educacional e econ\u00f4mico da regi\u00e3o atrav\u00e9s de todos os servi\u00e7os oferecidos a comunidade, oportunizando aos seus assistidos o crescimento profissional e pessoal.&#8221;][\/vc_column_inner][\/vc_row_inner][vc_row_inner][vc_column_inner css=&#8221;.vc_custom_1678195730219{padding-bottom: 2rem !important;}&#8221;][ts_side_content_image_box animate_block=&#8221;yes&#8221; animation_type=&#8221;fadeInUp&#8221; image=&#8221;623&#8243; side_content=&#8221;<\/p>\n<h4>Vis\u00e3o<\/h4>\n<p>Atender a demanda da sociedade com compromisso, atuando com excel\u00eancia e respeito aos princ\u00edpios \u00e9ticos, morais e legais.&#8221;][\/vc_column_inner][\/vc_row_inner][\/vc_column][\/vc_row][vc_row motts_theme_padding=&#8221;no&#8221; use_container=&#8221;yes&#8221;][vc_column][ts_section_title animate_block=&#8221;yes&#8221; animation_type=&#8221;fadeIn&#8221; title=&#8221;Nossos Valores&#8221;][vc_row_inner][vc_column_inner el_class=&#8221;fc-icon-title&#8221; width=&#8221;1\/5&#8243; css=&#8221;.vc_custom_1678206461034{margin-right: 1rem !important;}&#8221; offset=&#8221;vc_col-md-3&#8243;][ts_icon_circle_box animate_block=&#8221;yes&#8221; animation_type=&#8221;fadeInUp&#8221; icon=&#8221;925&#8243; description=&#8221;Compromisso Social&#8221; animation_delay=&#8221;0.1s&#8221;][\/vc_column_inner][vc_column_inner el_class=&#8221;fc-icon-title&#8221; width=&#8221;1\/5&#8243; offset=&#8221;vc_col-md-3&#8243;][ts_icon_circle_box animate_block=&#8221;yes&#8221; animation_type=&#8221;fadeInUp&#8221; icon=&#8221;947&#8243; description=&#8221;Sustentabilidade&#8221; animation_delay=&#8221;0.2s&#8221;][\/vc_column_inner][vc_column_inner el_class=&#8221;fc-icon-title&#8221; width=&#8221;1\/5&#8243; offset=&#8221;vc_col-md-3&#8243;][ts_icon_circle_box animate_block=&#8221;yes&#8221; animation_type=&#8221;fadeInUp&#8221; icon=&#8221;949&#8243; description=&#8221;Transpar\u00eancia&#8221; animation_delay=&#8221;0.3s&#8221;][\/vc_column_inner][vc_column_inner el_class=&#8221;fc-icon-title&#8221; width=&#8221;1\/5&#8243; offset=&#8221;vc_col-md-3&#8243;][ts_icon_circle_box animate_block=&#8221;yes&#8221; animation_type=&#8221;fadeInUp&#8221; icon=&#8221;943&#8243; description=&#8221;Excel\u00eancia&#8221; animation_delay=&#8221;0.4s&#8221;][\/vc_column_inner][vc_column_inner el_class=&#8221;fc-icon-title&#8221; width=&#8221;1\/5&#8243; offset=&#8221;vc_col-md-3&#8243;][ts_icon_circle_box animate_block=&#8221;yes&#8221; animation_type=&#8221;fadeInUp&#8221; icon=&#8221;945&#8243; description=&#8221;Integridade&#8221; animation_delay=&#8221;0.5s&#8221;][\/vc_column_inner][\/vc_row_inner][\/vc_column][\/vc_row][vc_row full_width=&#8221;stretch_row&#8221;][vc_column][ts_gallery_grid animate_block=&#8221;yes&#8221; animation_type=&#8221;fadeInUp&#8221; details=&#8221;%5B%7B%22image%22%3A%221037%22%2C%22title%22%3A%22photo%22%7D%2C%7B%22image%22%3A%221036%22%2C%22title%22%3A%22photo%22%7D%2C%7B%22image%22%3A%221035%22%2C%22title%22%3A%22photo%22%7D%2C%7B%22image%22%3A%221034%22%2C%22title%22%3A%22photo%22%7D%2C%7B%22image%22%3A%221033%22%2C%22title%22%3A%22photo%22%7D%2C%7B%22image%22%3A%221032%22%2C%22title%22%3A%22photo%22%7D%5D&#8221;][\/vc_column][\/vc_row]<\/p>\n<\/section>","protected":false},"excerpt":{"rendered":"<p>[vc_row full_width=&#8221;stretch_row&#8221; css_animation=&#8221;fadeIn&#8221; motts_theme_padding=&#8221;no&#8221; use_container=&#8221;yes&#8221;][vc_column][vc_row_inner][vc_column_inner][ts_section_title align=&#8221;text-left&#8221; animate_block=&#8221;yes&#8221; animation_type=&#8221;fadeInLeft&#8221; tagline=&#8221;sobre n\u00f3s&#8221; title=&#8221;Quem somos?&#8221; description=&#8221;A Funda\u00e7\u00e3o Caju\u00edna \u00e9 uma organiza\u00e7\u00e3o da sociedade civil &#8211; OSC &#8211; sem fins lucrativos, que tem como principal objetivo contribuir para uma sociedade onde todos tenham acesso aos seus direitos fundamentais. Fundada em 1993, a entidade trabalha na elabora\u00e7\u00e3o e execu\u00e7\u00e3o de [&hellip;]<\/p>\n","protected":false},"author":1,"featured_media":0,"parent":0,"menu_order":0,"comment_status":"closed","ping_status":"closed","template":"","meta":{"_mi_skip_tracking":false,"footnotes":""},"class_list":["post-527","page","type-page","status-publish","hentry"],"aioseo_notices":[],"_links":{"self":[{"href":"\/cajuina\/wp-json\/wp\/v2\/pages\/527","targetHints":{"allow":["GET"]}}],"collection":[{"href":"\/cajuina\/wp-json\/wp\/v2\/pages"}],"about":[{"href":"\/cajuina\/wp-json\/wp\/v2\/types\/page"}],"author":[{"embeddable":true,"href":"\/cajuina\/wp-json\/wp\/v2\/users\/1"}],"replies":[{"embeddable":true,"href":"\/cajuina\/wp-json\/wp\/v2\/comments?post=527"}],"version-history":[{"count":47,"href":"\/cajuina\/wp-json\/wp\/v2\/pages\/527\/revisions"}],"predecessor-version":[{"id":1038,"href":"\/cajuina\/wp-json\/wp\/v2\/pages\/527\/revisions\/1038"}],"wp:attachment":[{"href":"\/cajuina\/wp-json\/wp\/v2\/media?parent=527"}],"curies":[{"name":"wp","href":"https:\/\/api.w.org\/{rel}","templated":true}]}}