{"id":697,"date":"2023-03-08T10:47:06","date_gmt":"2023-03-08T13:47:06","guid":{"rendered":"\/cajuina\/?page_id=697"},"modified":"2023-04-17T10:45:56","modified_gmt":"2023-04-17T13:45:56","slug":"centro-dia","status":"publish","type":"page","link":"\/cajuina\/centro-dia\/","title":{"rendered":"Centro dia"},"content":{"rendered":"<section class=\"wpb-content-wrapper\"><p>[vc_row css_animation=&#8221;fadeIn&#8221; motts_theme_padding=&#8221;no&#8221;][vc_column][ts_section_title animate_block=&#8221;yes&#8221; animation_type=&#8221;fadeInUp&#8221; title=&#8221;Centro dia&#8221; description=&#8221;A Funda\u00e7\u00e3o Caju\u00edna tem o Centro-dia, um espa\u00e7o destinado ao atendimento especializado a pessoas idosas, crian\u00e7as com microcefalia e pessoas com defici\u00eancia que tenham algum grau de depend\u00eancia de cuidados. Esse projeto busca-se evitar o isolamento social, o abandono e a necessidade de acolhimento. A equipe do Centro-Dia compartilha, com os cuidadores das fam\u00edlias, os cuidados necess\u00e1rios ao atendimento de idosos e de pessoas com defici\u00eancia para realiza\u00e7\u00e3o das atividades da vida di\u00e1ria, como alimenta\u00e7\u00e3o, mobilidade e higiene, promovendo autonomia e melhoria da qualidade de vida das pessoas assistidas. O projeto server tamb\u00e9m de apoio para o desenvolvimento pessoal e social (AVP\u2019s) das pessoas com defici\u00eancia ajudando-as a levar a vida de forma independente, favorecendo a integra\u00e7\u00e3o e a participa\u00e7\u00e3o do indiv\u00edduo na fam\u00edlia, no seu entorno, em grupos sociais, incentivo o associativismo, dentre outros apoios.&#8221;][\/vc_column][\/vc_row][vc_row motts_theme_padding=&#8221;no&#8221;][vc_column][vc_row_inner][vc_column_inner width=&#8221;1\/2&#8243;][ts_icon_box position=&#8221;left&#8221; animate_block=&#8221;yes&#8221; animation_type=&#8221;fadeInUp&#8221; icon=&#8221;927&#8243; animation_delay=&#8221;0.1s&#8221;]<\/p>\n<h4>P\u00fablico Alvo<\/h4>\n<p><strong>Pessoas idosas, crian\u00e7as com microcefalia e pessoas com defici\u00eancia<\/strong> que dependem de cuidados para a realiza\u00e7\u00e3o de suas atividades di\u00e1rias, que tiveram suas limita\u00e7\u00f5es agravadas por viola\u00e7\u00f5es de direitos, tais como: isolamento social, confinamento, falta de cuidados adequados, alto grau de estresse do cuidador familiar.[\/ts_icon_box][\/vc_column_inner][vc_column_inner width=&#8221;1\/2&#8243;][ts_icon_box position=&#8221;left&#8221; animate_block=&#8221;yes&#8221; animation_type=&#8221;fadeInUp&#8221; icon=&#8221;960&#8243; animation_delay=&#8221;0.2s&#8221;]<\/p>\n<h4>Local<\/h4>\n<h6>Centro de Valoriza\u00e7\u00e3o da Pessoa Idosa<\/h6>\n<p>Av. Jatob\u00e1, n\u00ba 9211, no Bairro Angelim I<\/p>\n<h6>Refer\u00eancia para crian\u00e7as com microcefalia e defici\u00eancias associadas<\/h6>\n<p>Rua Jaic\u00f3s, n\u00ba 1265, Bairro Ilhotas<\/p>\n<h6>Refer\u00eancia para pessoas com defici\u00eancia<\/h6>\n<p>Endere\u00e7o: Rua Acre, n\u00ba 352, Bairro Ilhotas[\/ts_icon_box][\/vc_column_inner][\/vc_row_inner][\/vc_column][\/vc_row][vc_row full_width=&#8221;stretch_row&#8221; motts_theme_padding=&#8221;no&#8221; css=&#8221;.vc_custom_1678218081346{padding-bottom: 2rem !important;background-color: #fbf7f4 !important;}&#8221;][vc_column][vc_row_inner][vc_column_inner][ts_section_title animate_block=&#8221;yes&#8221; animation_type=&#8221;fadeInUp&#8221; title=&#8221;Parceiros&#8221;][\/vc_column_inner][\/vc_row_inner][vc_row_inner][vc_column_inner width=&#8221;1\/4&#8243;][\/vc_column_inner][vc_column_inner width=&#8221;1\/4&#8243;][ts_logo_item animate_block=&#8221;yes&#8221; animation_type=&#8221;fadeInLeft&#8221; image=&#8221;613&#8243; alt_tag=&#8221;logo-prefeitura-teresina&#8221;][\/vc_column_inner][vc_column_inner width=&#8221;1\/4&#8243;][ts_logo_item animate_block=&#8221;yes&#8221; animation_type=&#8221;fadeInRight&#8221; image=&#8221;612&#8243; alt_tag=&#8221;logo-semcasp&#8221;][\/vc_column_inner][vc_column_inner width=&#8221;1\/4&#8243;][\/vc_column_inner][\/vc_row_inner][\/vc_column][\/vc_row][vc_row motts_theme_padding=&#8221;no&#8221;][vc_column][vc_row_inner][vc_column_inner][ts_gallery_grid animate_block=&#8221;yes&#8221; animation_type=&#8221;fadeInUp&#8221; details=&#8221;%5B%7B%22image%22%3A%22715%22%7D%2C%7B%22image%22%3A%22716%22%7D%2C%7B%22image%22%3A%22717%22%7D%2C%7B%22image%22%3A%22719%22%7D%2C%7B%22image%22%3A%22718%22%7D%2C%7B%22image%22%3A%22720%22%7D%5D&#8221;][\/vc_column_inner][\/vc_row_inner][\/vc_column][\/vc_row]<\/p>\n<\/section>","protected":false},"excerpt":{"rendered":"<p>[vc_row css_animation=&#8221;fadeIn&#8221; motts_theme_padding=&#8221;no&#8221;][vc_column][ts_section_title animate_block=&#8221;yes&#8221; animation_type=&#8221;fadeInUp&#8221; title=&#8221;Centro dia&#8221; description=&#8221;A Funda\u00e7\u00e3o Caju\u00edna tem o Centro-dia, um espa\u00e7o destinado ao atendimento especializado a pessoas idosas, crian\u00e7as com microcefalia e pessoas com defici\u00eancia que tenham algum grau de depend\u00eancia de cuidados. Esse projeto busca-se evitar o isolamento social, o abandono e a necessidade de acolhimento. A equipe do Centro-Dia [&hellip;]<\/p>\n","protected":false},"author":1,"featured_media":0,"parent":0,"menu_order":0,"comment_status":"closed","ping_status":"closed","template":"","meta":{"_mi_skip_tracking":false,"footnotes":""},"class_list":["post-697","page","type-page","status-publish","hentry"],"aioseo_notices":[],"_links":{"self":[{"href":"\/cajuina\/wp-json\/wp\/v2\/pages\/697","targetHints":{"allow":["GET"]}}],"collection":[{"href":"\/cajuina\/wp-json\/wp\/v2\/pages"}],"about":[{"href":"\/cajuina\/wp-json\/wp\/v2\/types\/page"}],"author":[{"embeddable":true,"href":"\/cajuina\/wp-json\/wp\/v2\/users\/1"}],"replies":[{"embeddable":true,"href":"\/cajuina\/wp-json\/wp\/v2\/comments?post=697"}],"version-history":[{"count":21,"href":"\/cajuina\/wp-json\/wp\/v2\/pages\/697\/revisions"}],"predecessor-version":[{"id":1079,"href":"\/cajuina\/wp-json\/wp\/v2\/pages\/697\/revisions\/1079"}],"wp:attachment":[{"href":"\/cajuina\/wp-json\/wp\/v2\/media?parent=697"}],"curies":[{"name":"wp","href":"https:\/\/api.w.org\/{rel}","templated":true}]}}