{"id":723,"date":"2023-03-08T14:06:00","date_gmt":"2023-03-08T17:06:00","guid":{"rendered":"\/cajuina\/?page_id=723"},"modified":"2023-04-17T11:15:30","modified_gmt":"2023-04-17T14:15:30","slug":"servico-de-convivencia","status":"publish","type":"page","link":"\/cajuina\/servico-de-convivencia\/","title":{"rendered":"Servi\u00e7o de Conviv\u00eancia"},"content":{"rendered":"<section class=\"wpb-content-wrapper\"><p>[vc_row css_animation=&#8221;fadeIn&#8221; motts_theme_padding=&#8221;no&#8221;][vc_column][ts_section_title animate_block=&#8221;yes&#8221; animation_type=&#8221;fadeInUp&#8221; title=&#8221;Servi\u00e7o de Conviv\u00eancia&#8221; description=&#8221;A Funda\u00e7\u00e3o Caju\u00edna tem o servi\u00e7o de conviv\u00eancia, que oferece prote\u00e7\u00e3o social (atendimento) aqueles indiv\u00edduos ou grupos que se encontram em situa\u00e7\u00f5es de vulnerabilidade, ou, risco pessoal e\/ou social.<br \/>\nPessoas acolhidas nesse projeto tem passam a contar com atividades educativas, a fim de desenvolver suas potencialidades, e promover o favorecimento para a conquista da autonomia, do protagonismo e da cidadania, mediante o fortalecimento de v\u00ednculos familiares e comunit\u00e1rios.&#8221;][\/vc_column][\/vc_row][vc_row motts_theme_padding=&#8221;no&#8221;][vc_column][vc_row_inner][vc_column_inner width=&#8221;1\/2&#8243;][ts_icon_box position=&#8221;left&#8221; animate_block=&#8221;yes&#8221; animation_type=&#8221;fadeInUp&#8221; icon=&#8221;936&#8243;]<\/p>\n<h4>P\u00fablico Alvo<\/h4>\n<p><strong>Adolescentes (entre 12 a 17 anos) e idosos<\/strong> quem vivem em situa\u00e7\u00e3o de vulnerabilidade social decorrente da pobreza, isolamento; trabalho infantil; viv\u00eancia de viol\u00eancia e ou neglig\u00eancia; fora da escola ou com defasagem escolar superior a 2 anos; em acolhimento; cumprimento de MSE meio aberto; egressos de medidas socioeducativas; abuso e\/ou explora\u00e7\u00e3o sexual; medida de prote\u00e7\u00e3o do ECA; em situa\u00e7\u00e3o de rua; vulnerabilidade a pessoa com defici\u00eancia.[\/ts_icon_box][\/vc_column_inner][vc_column_inner width=&#8221;1\/2&#8243;][ts_icon_box position=&#8221;left&#8221; animate_block=&#8221;yes&#8221; animation_type=&#8221;fadeInUp&#8221; icon=&#8221;960&#8243; animation_delay=&#8221;0.2s&#8221;]<\/p>\n<h4>Local<\/h4>\n<p>Zona Sudeste<br \/>\nZona Sul[\/ts_icon_box][\/vc_column_inner][\/vc_row_inner][\/vc_column][\/vc_row][vc_row full_width=&#8221;stretch_row&#8221; motts_theme_padding=&#8221;no&#8221; css=&#8221;.vc_custom_1678218081346{padding-bottom: 2rem !important;background-color: #fbf7f4 !important;}&#8221;][vc_column][vc_row_inner][vc_column_inner][ts_section_title animate_block=&#8221;yes&#8221; animation_type=&#8221;fadeInUp&#8221; title=&#8221;Parceiros&#8221;][\/vc_column_inner][\/vc_row_inner][vc_row_inner][vc_column_inner width=&#8221;1\/4&#8243;][\/vc_column_inner][vc_column_inner width=&#8221;1\/4&#8243;][ts_logo_item animate_block=&#8221;yes&#8221; animation_type=&#8221;fadeInLeft&#8221; image=&#8221;613&#8243; alt_tag=&#8221;logo-prefeitura-teresina&#8221;][\/vc_column_inner][vc_column_inner width=&#8221;1\/4&#8243;][ts_logo_item animate_block=&#8221;yes&#8221; animation_type=&#8221;fadeInRight&#8221; image=&#8221;612&#8243; alt_tag=&#8221;logo-semcasp&#8221;][\/vc_column_inner][vc_column_inner width=&#8221;1\/4&#8243;][\/vc_column_inner][\/vc_row_inner][\/vc_column][\/vc_row][vc_row motts_theme_padding=&#8221;no&#8221;][vc_column][vc_row_inner][vc_column_inner][ts_gallery_grid animate_block=&#8221;yes&#8221; animation_type=&#8221;fadeInUp&#8221; details=&#8221;%5B%7B%22image%22%3A%22715%22%7D%2C%7B%22image%22%3A%22716%22%7D%2C%7B%22image%22%3A%22717%22%7D%2C%7B%22image%22%3A%22719%22%7D%2C%7B%22image%22%3A%22718%22%7D%2C%7B%22image%22%3A%22720%22%7D%5D&#8221;][\/vc_column_inner][\/vc_row_inner][\/vc_column][\/vc_row]<\/p>\n<\/section>","protected":false},"excerpt":{"rendered":"<p>[vc_row css_animation=&#8221;fadeIn&#8221; motts_theme_padding=&#8221;no&#8221;][vc_column][ts_section_title animate_block=&#8221;yes&#8221; animation_type=&#8221;fadeInUp&#8221; title=&#8221;Servi\u00e7o de Conviv\u00eancia&#8221; description=&#8221;A Funda\u00e7\u00e3o Caju\u00edna tem o servi\u00e7o de conviv\u00eancia, que oferece prote\u00e7\u00e3o social (atendimento) aqueles indiv\u00edduos ou grupos que se encontram em situa\u00e7\u00f5es de vulnerabilidade, ou, risco pessoal e\/ou social. Pessoas acolhidas nesse projeto tem passam a contar com atividades educativas, a fim de desenvolver suas potencialidades, e [&hellip;]<\/p>\n","protected":false},"author":1,"featured_media":0,"parent":0,"menu_order":0,"comment_status":"closed","ping_status":"closed","template":"","meta":{"_mi_skip_tracking":false,"footnotes":""},"class_list":["post-723","page","type-page","status-publish","hentry"],"aioseo_notices":[],"_links":{"self":[{"href":"\/cajuina\/wp-json\/wp\/v2\/pages\/723","targetHints":{"allow":["GET"]}}],"collection":[{"href":"\/cajuina\/wp-json\/wp\/v2\/pages"}],"about":[{"href":"\/cajuina\/wp-json\/wp\/v2\/types\/page"}],"author":[{"embeddable":true,"href":"\/cajuina\/wp-json\/wp\/v2\/users\/1"}],"replies":[{"embeddable":true,"href":"\/cajuina\/wp-json\/wp\/v2\/comments?post=723"}],"version-history":[{"count":14,"href":"\/cajuina\/wp-json\/wp\/v2\/pages\/723\/revisions"}],"predecessor-version":[{"id":1086,"href":"\/cajuina\/wp-json\/wp\/v2\/pages\/723\/revisions\/1086"}],"wp:attachment":[{"href":"\/cajuina\/wp-json\/wp\/v2\/media?parent=723"}],"curies":[{"name":"wp","href":"https:\/\/api.w.org\/{rel}","templated":true}]}}