{"id":733,"date":"2023-03-08T14:31:22","date_gmt":"2023-03-08T17:31:22","guid":{"rendered":"\/cajuina\/?page_id=733"},"modified":"2023-04-17T11:01:40","modified_gmt":"2023-04-17T14:01:40","slug":"florecer","status":"publish","type":"page","link":"\/cajuina\/florecer\/","title":{"rendered":"Florescer"},"content":{"rendered":"<section class=\"wpb-content-wrapper\"><p>[vc_row css_animation=&#8221;fadeIn&#8221; motts_theme_padding=&#8221;no&#8221;][vc_column][ts_section_title animate_block=&#8221;yes&#8221; animation_type=&#8221;fadeInUp&#8221; title=&#8221;Florescer&#8221; description=&#8221;A Funda\u00e7\u00e3o Caju\u00edna tem o projeto Florescer, que \u00e9 o servi\u00e7o de atendimento integral a mulher e suas crian\u00e7as. Este servi\u00e7o lan\u00e7a um olhar sobre as mulheres que vivenciam a viol\u00eancia de g\u00eanero entendendo que este tipo de viol\u00eancia constitui-se como uma das principais formas de viola\u00e7\u00e3o dos seus direitos humanos, atingindo-as em seus direitos a vida, \u00e0 sa\u00fade e \u00e0 integridade f\u00edsica. Nesse sentido, a viol\u00eancia contra as mulheres acontece predominantemente nos espa\u00e7os privados e afeta n\u00e3o somente a mulher mais toda a fam\u00edlia, refletindo-se principalmente no desenvolvimento das crian\u00e7as.<br \/>\nDessa forma o Florescer visa atender as mulheres em sua dimens\u00e3o integral, observando o fortalecimento de v\u00ednculos sociais e familiares e o acompanhamento das crian\u00e7as de 1 ano a 2 anos 09 meses, priorizando a articula\u00e7\u00e3o das Pol\u00edticas P\u00fablicas de modo a garantir o acesso a servi\u00e7os importantes para o empoderamento destas mulheres.<\/p>\n<p>&#8220;][\/vc_column][\/vc_row][vc_row motts_theme_padding=&#8221;no&#8221;][vc_column][vc_row_inner][vc_column_inner width=&#8221;1\/2&#8243;][ts_icon_box position=&#8221;left&#8221; animate_block=&#8221;yes&#8221; animation_type=&#8221;fadeInUp&#8221; icon=&#8221;933&#8243; animation_delay=&#8221;0.1s&#8221;]<\/p>\n<h4>P\u00fablico Alvo<\/h4>\n<p><strong>Mulheres<\/strong> que vivenciam situa\u00e7\u00f5es de vulnerabilidade social e situa\u00e7\u00f5es viol\u00eancia de dom\u00e9stica e familiar e <strong>suas crian\u00e7as<\/strong> na faixa et\u00e1ria entre um a dois anos e nove meses de idade, at\u00e9 o atendimento a 200 crian\u00e7as.[\/ts_icon_box][\/vc_column_inner][vc_column_inner width=&#8221;1\/2&#8243;][ts_icon_box position=&#8221;left&#8221; animate_block=&#8221;yes&#8221; animation_type=&#8221;fadeInUp&#8221; icon=&#8221;960&#8243; animation_delay=&#8221;0.2s&#8221;]<\/p>\n<h4>Local<\/h4>\n<h6>Florescer Sudeste<\/h6>\n<p>Rua Santa Luzia, 694 \u2013 Alto da Ressurrei\u00e7\u00e3o<\/p>\n<h6>Florescer Zona Rural<\/h6>\n<p>Povoado Salobro<\/p>\n<h6>Florescer Sul<\/h6>\n<p>Rua Mucuripe, S\/N, Vila Santa Rita \u2013 Promorar[\/ts_icon_box][\/vc_column_inner][\/vc_row_inner][\/vc_column][\/vc_row][vc_row full_width=&#8221;stretch_row&#8221; motts_theme_padding=&#8221;no&#8221; css=&#8221;.vc_custom_1678218081346{padding-bottom: 2rem !important;background-color: #fbf7f4 !important;}&#8221;][vc_column][vc_row_inner][vc_column_inner][ts_section_title animate_block=&#8221;yes&#8221; animation_type=&#8221;fadeInUp&#8221; title=&#8221;Parceiros&#8221;][\/vc_column_inner][\/vc_row_inner][vc_row_inner][vc_column_inner width=&#8221;1\/4&#8243;][\/vc_column_inner][vc_column_inner width=&#8221;1\/4&#8243;][ts_logo_item animate_block=&#8221;yes&#8221; animation_type=&#8221;fadeInLeft&#8221; image=&#8221;613&#8243; alt_tag=&#8221;logo-prefeitura-teresina&#8221;][\/vc_column_inner][vc_column_inner width=&#8221;1\/4&#8243;][ts_logo_item animate_block=&#8221;yes&#8221; animation_type=&#8221;fadeInRight&#8221; image=&#8221;612&#8243; alt_tag=&#8221;logo-semcasp&#8221;][\/vc_column_inner][vc_column_inner width=&#8221;1\/4&#8243;][\/vc_column_inner][\/vc_row_inner][\/vc_column][\/vc_row][vc_row motts_theme_padding=&#8221;no&#8221;][vc_column][vc_row_inner][vc_column_inner][ts_gallery_grid animate_block=&#8221;yes&#8221; animation_type=&#8221;fadeInUp&#8221; details=&#8221;%5B%7B%22image%22%3A%22715%22%7D%2C%7B%22image%22%3A%22716%22%7D%2C%7B%22image%22%3A%22717%22%7D%2C%7B%22image%22%3A%22719%22%7D%2C%7B%22image%22%3A%22718%22%7D%2C%7B%22image%22%3A%22720%22%7D%5D&#8221;][\/vc_column_inner][\/vc_row_inner][\/vc_column][\/vc_row]<\/p>\n<\/section>","protected":false},"excerpt":{"rendered":"<p>[vc_row css_animation=&#8221;fadeIn&#8221; motts_theme_padding=&#8221;no&#8221;][vc_column][ts_section_title animate_block=&#8221;yes&#8221; animation_type=&#8221;fadeInUp&#8221; title=&#8221;Florescer&#8221; description=&#8221;A Funda\u00e7\u00e3o Caju\u00edna tem o projeto Florescer, que \u00e9 o servi\u00e7o de atendimento integral a mulher e suas crian\u00e7as. Este servi\u00e7o lan\u00e7a um olhar sobre as mulheres que vivenciam a viol\u00eancia de g\u00eanero entendendo que este tipo de viol\u00eancia constitui-se como uma das principais formas de viola\u00e7\u00e3o dos seus [&hellip;]<\/p>\n","protected":false},"author":1,"featured_media":0,"parent":0,"menu_order":0,"comment_status":"closed","ping_status":"closed","template":"","meta":{"_mi_skip_tracking":false,"footnotes":""},"class_list":["post-733","page","type-page","status-publish","hentry"],"aioseo_notices":[],"_links":{"self":[{"href":"\/cajuina\/wp-json\/wp\/v2\/pages\/733","targetHints":{"allow":["GET"]}}],"collection":[{"href":"\/cajuina\/wp-json\/wp\/v2\/pages"}],"about":[{"href":"\/cajuina\/wp-json\/wp\/v2\/types\/page"}],"author":[{"embeddable":true,"href":"\/cajuina\/wp-json\/wp\/v2\/users\/1"}],"replies":[{"embeddable":true,"href":"\/cajuina\/wp-json\/wp\/v2\/comments?post=733"}],"version-history":[{"count":17,"href":"\/cajuina\/wp-json\/wp\/v2\/pages\/733\/revisions"}],"predecessor-version":[{"id":1084,"href":"\/cajuina\/wp-json\/wp\/v2\/pages\/733\/revisions\/1084"}],"wp:attachment":[{"href":"\/cajuina\/wp-json\/wp\/v2\/media?parent=733"}],"curies":[{"name":"wp","href":"https:\/\/api.w.org\/{rel}","templated":true}]}}