{"id":744,"date":"2023-03-08T15:09:16","date_gmt":"2023-03-08T18:09:16","guid":{"rendered":"\/cajuina\/?page_id=744"},"modified":"2023-04-17T10:50:29","modified_gmt":"2023-04-17T13:50:29","slug":"escola-empresa","status":"publish","type":"page","link":"\/cajuina\/escola-empresa\/","title":{"rendered":"Escola Empresa"},"content":{"rendered":"<section class=\"wpb-content-wrapper\"><p>[vc_row css_animation=&#8221;fadeIn&#8221; motts_theme_padding=&#8221;no&#8221;][vc_column][ts_section_title animate_block=&#8221;yes&#8221; animation_type=&#8221;fadeInUp&#8221; title=&#8221;Escola Empresa&#8221; description=&#8221;Esse projeto da Funda\u00e7\u00e3o Caju\u00edna visa estabelecer a integra\u00e7\u00e3o entre escolas e empresas para abertura de espa\u00e7o efetivo de qualifica\u00e7\u00e3o em trabalho de estudantes do ensino m\u00e9dio e superior. Ele busca abrir a escola para o mercado de trabalho, dar oportunidade aos discentes de vivenciar problemas reais do setor empresarial, a fim de obter subs\u00eddios para a atualiza\u00e7\u00e3o curricular e estimular as empresas a participarem do processo de forma\u00e7\u00e3o de m\u00e3o-de-obra qualificada.<br \/>\nO Projeto nasceu como consequ\u00eancia do plano nacional de educa\u00e7\u00e3o e cultura, que diz: &#8220;aperfei\u00e7oar e ampliar os programas de extens\u00e3o, levando a universidade a cumprir efetivamente sua fun\u00e7\u00e3o renovadora e participante&#8220;, tem-se confirmada a proposi\u00e7\u00e3o do Projeto de integrar Escola\/Empresa\/Entidade, na qualifica\u00e7\u00e3o e especializa\u00e7\u00e3o dos servi\u00e7os prestados pelos estudantes, \u00e0s empresas sendo um espa\u00e7o aberto para qualifica\u00e7\u00e3o em trabalho e oferecimento de oportunidades de viv\u00eancias.&#8221;][\/vc_column][\/vc_row][vc_row motts_theme_padding=&#8221;no&#8221;][vc_column][vc_row_inner][vc_column_inner width=&#8221;1\/2&#8243;][ts_icon_box position=&#8221;left&#8221; animate_block=&#8221;yes&#8221; animation_type=&#8221;fadeInUp&#8221; icon=&#8221;929&#8243;]<\/p>\n<h4>P\u00fablico Alvo<\/h4>\n<p>Estudantes do ensino m\u00e9dio e superior[\/ts_icon_box][\/vc_column_inner][\/vc_row_inner][\/vc_column][\/vc_row][vc_row full_width=&#8221;stretch_row&#8221; motts_theme_padding=&#8221;no&#8221; css=&#8221;.vc_custom_1678218081346{padding-bottom: 2rem !important;background-color: #fbf7f4 !important;}&#8221;][vc_column][vc_row_inner][vc_column_inner][ts_section_title animate_block=&#8221;yes&#8221; animation_type=&#8221;fadeInUp&#8221; title=&#8221;Parceiros&#8221;][\/vc_column_inner][\/vc_row_inner][vc_row_inner][vc_column_inner width=&#8221;1\/5&#8243;][\/vc_column_inner][vc_column_inner width=&#8221;1\/5&#8243;][\/vc_column_inner][vc_column_inner width=&#8221;1\/5&#8243;][ts_logo_item animate_block=&#8221;yes&#8221; animation_type=&#8221;fadeInUp&#8221; image=&#8221;747&#8243; alt_tag=&#8221;logo-servfaz&#8221;][\/vc_column_inner][vc_column_inner width=&#8221;1\/5&#8243;][\/vc_column_inner][vc_column_inner width=&#8221;1\/5&#8243;][\/vc_column_inner][\/vc_row_inner][\/vc_column][\/vc_row][vc_row motts_theme_padding=&#8221;no&#8221; use_container=&#8221;yes&#8221;][vc_column][vc_row_inner wrap_container=&#8221;yes&#8221;][vc_column_inner][ts_gallery_grid animate_block=&#8221;yes&#8221; animation_type=&#8221;fadeInUp&#8221; details=&#8221;%5B%7B%22image%22%3A%22767%22%7D%2C%7B%22image%22%3A%22766%22%7D%2C%7B%22image%22%3A%22765%22%7D%2C%7B%22image%22%3A%22764%22%7D%2C%7B%22image%22%3A%22763%22%7D%2C%7B%22image%22%3A%22762%22%7D%5D&#8221;][\/vc_column_inner][\/vc_row_inner][\/vc_column][\/vc_row]<\/p>\n<\/section>","protected":false},"excerpt":{"rendered":"<p>[vc_row css_animation=&#8221;fadeIn&#8221; motts_theme_padding=&#8221;no&#8221;][vc_column][ts_section_title animate_block=&#8221;yes&#8221; animation_type=&#8221;fadeInUp&#8221; title=&#8221;Escola Empresa&#8221; description=&#8221;Esse projeto da Funda\u00e7\u00e3o Caju\u00edna visa estabelecer a integra\u00e7\u00e3o entre escolas e empresas para abertura de espa\u00e7o efetivo de qualifica\u00e7\u00e3o em trabalho de estudantes do ensino m\u00e9dio e superior. Ele busca abrir a escola para o mercado de trabalho, dar oportunidade aos discentes de vivenciar problemas reais do [&hellip;]<\/p>\n","protected":false},"author":1,"featured_media":0,"parent":0,"menu_order":0,"comment_status":"closed","ping_status":"closed","template":"","meta":{"_mi_skip_tracking":false,"footnotes":""},"class_list":["post-744","page","type-page","status-publish","hentry"],"aioseo_notices":[],"_links":{"self":[{"href":"\/cajuina\/wp-json\/wp\/v2\/pages\/744","targetHints":{"allow":["GET"]}}],"collection":[{"href":"\/cajuina\/wp-json\/wp\/v2\/pages"}],"about":[{"href":"\/cajuina\/wp-json\/wp\/v2\/types\/page"}],"author":[{"embeddable":true,"href":"\/cajuina\/wp-json\/wp\/v2\/users\/1"}],"replies":[{"embeddable":true,"href":"\/cajuina\/wp-json\/wp\/v2\/comments?post=744"}],"version-history":[{"count":16,"href":"\/cajuina\/wp-json\/wp\/v2\/pages\/744\/revisions"}],"predecessor-version":[{"id":1080,"href":"\/cajuina\/wp-json\/wp\/v2\/pages\/744\/revisions\/1080"}],"wp:attachment":[{"href":"\/cajuina\/wp-json\/wp\/v2\/media?parent=744"}],"curies":[{"name":"wp","href":"https:\/\/api.w.org\/{rel}","templated":true}]}}