{"id":752,"date":"2023-03-08T15:19:43","date_gmt":"2023-03-08T18:19:43","guid":{"rendered":"\/cajuina\/?page_id=752"},"modified":"2023-04-17T11:25:21","modified_gmt":"2023-04-17T14:25:21","slug":"vida-de-menina","status":"publish","type":"page","link":"\/cajuina\/vida-de-menina\/","title":{"rendered":"Vida de menina"},"content":{"rendered":"<section class=\"wpb-content-wrapper\"><p>[vc_row css_animation=&#8221;fadeIn&#8221; motts_theme_padding=&#8221;no&#8221;][vc_column][ts_section_title animate_block=&#8221;yes&#8221; animation_type=&#8221;fadeInUp&#8221; title=&#8221;Vida de Menina&#8221; description=&#8221;\u00c9 um projeto pr\u00f3prio da Funda\u00e7\u00e3o Caju\u00edna, que desenvolve atividades com adolescentes, preferencialmente, do sexo feminino, tendo por foco a constitui\u00e7\u00e3o de espa\u00e7o de conviv\u00eancia, a partir dos interesses, demandas e potencialidades dessa faixa et\u00e1ria. As atividades ser\u00e3o pautadas em experi\u00eancias l\u00fadicas, culturais e esportivas como formas de express\u00e3o, intera\u00e7\u00e3o, aprendizagem, sociabilidade e prote\u00e7\u00e3o social. S\u00e3o atendida pelo projeto adolescentes com defici\u00eancia, retiradas do trabalho infantil e\/ou submetidas a outras viola\u00e7\u00f5es de direitos.<br \/>\nEsse projeto contribui para resignificar viv\u00eancias de isolamento, bem como propiciar experi\u00eancias que favorecem o desenvolvimento de sociabilidades e preven\u00e7\u00e3o de situa\u00e7\u00f5es de risco social.&#8221;][\/vc_column][\/vc_row][vc_row motts_theme_padding=&#8221;no&#8221;][vc_column][vc_row_inner][vc_column_inner width=&#8221;1\/2&#8243;][ts_icon_box position=&#8221;left&#8221; animate_block=&#8221;yes&#8221; animation_type=&#8221;fadeInUp&#8221; icon=&#8221;939&#8243;]<\/p>\n<h4>P\u00fablico Alvo<\/h4>\n<p>Adolescentes, preferencialmente do sexo feminino (14 a 17 anos)[\/ts_icon_box][\/vc_column_inner][vc_column_inner width=&#8221;1\/2&#8243;][ts_icon_box position=&#8221;left&#8221; animate_block=&#8221;yes&#8221; animation_type=&#8221;fadeInUp&#8221; icon=&#8221;960&#8243; animation_delay=&#8221;0.2s&#8221;]<\/p>\n<h4>Local<\/h4>\n<p>Zona Sudeste<br \/>\nZona Sul[\/ts_icon_box][\/vc_column_inner][\/vc_row_inner][\/vc_column][\/vc_row][vc_row full_width=&#8221;stretch_row&#8221; motts_theme_padding=&#8221;no&#8221; css=&#8221;.vc_custom_1678218081346{padding-bottom: 2rem !important;background-color: #fbf7f4 !important;}&#8221;][vc_column][vc_row_inner][vc_column_inner][ts_section_title animate_block=&#8221;yes&#8221; animation_type=&#8221;fadeInUp&#8221; title=&#8221;Parceiros&#8221;][\/vc_column_inner][\/vc_row_inner][vc_row_inner][vc_column_inner width=&#8221;1\/4&#8243;][\/vc_column_inner][vc_column_inner width=&#8221;1\/4&#8243;][ts_logo_item animate_block=&#8221;yes&#8221; animation_type=&#8221;fadeInLeft&#8221; image=&#8221;613&#8243; alt_tag=&#8221;logo-prefeitura-teresina&#8221;][\/vc_column_inner][vc_column_inner width=&#8221;1\/4&#8243;][ts_logo_item animate_block=&#8221;yes&#8221; animation_type=&#8221;fadeInRight&#8221; image=&#8221;612&#8243; alt_tag=&#8221;logo-semcasp&#8221;][\/vc_column_inner][vc_column_inner width=&#8221;1\/4&#8243;][\/vc_column_inner][\/vc_row_inner][\/vc_column][\/vc_row][vc_row motts_theme_padding=&#8221;no&#8221;][vc_column][vc_row_inner][vc_column_inner][ts_gallery_grid animate_block=&#8221;yes&#8221; animation_type=&#8221;fadeInUp&#8221; details=&#8221;%5B%7B%22image%22%3A%22715%22%7D%2C%7B%22image%22%3A%22716%22%7D%2C%7B%22image%22%3A%22717%22%7D%2C%7B%22image%22%3A%22719%22%7D%2C%7B%22image%22%3A%22718%22%7D%2C%7B%22image%22%3A%22720%22%7D%5D&#8221;][\/vc_column_inner][\/vc_row_inner][\/vc_column][\/vc_row]<\/p>\n<\/section>","protected":false},"excerpt":{"rendered":"<p>[vc_row css_animation=&#8221;fadeIn&#8221; motts_theme_padding=&#8221;no&#8221;][vc_column][ts_section_title animate_block=&#8221;yes&#8221; animation_type=&#8221;fadeInUp&#8221; title=&#8221;Vida de Menina&#8221; description=&#8221;\u00c9 um projeto pr\u00f3prio da Funda\u00e7\u00e3o Caju\u00edna, que desenvolve atividades com adolescentes, preferencialmente, do sexo feminino, tendo por foco a constitui\u00e7\u00e3o de espa\u00e7o de conviv\u00eancia, a partir dos interesses, demandas e potencialidades dessa faixa et\u00e1ria. As atividades ser\u00e3o pautadas em experi\u00eancias l\u00fadicas, culturais e esportivas como formas [&hellip;]<\/p>\n","protected":false},"author":1,"featured_media":0,"parent":0,"menu_order":0,"comment_status":"closed","ping_status":"closed","template":"","meta":{"_mi_skip_tracking":false,"footnotes":""},"class_list":["post-752","page","type-page","status-publish","hentry"],"aioseo_notices":[],"_links":{"self":[{"href":"\/cajuina\/wp-json\/wp\/v2\/pages\/752","targetHints":{"allow":["GET"]}}],"collection":[{"href":"\/cajuina\/wp-json\/wp\/v2\/pages"}],"about":[{"href":"\/cajuina\/wp-json\/wp\/v2\/types\/page"}],"author":[{"embeddable":true,"href":"\/cajuina\/wp-json\/wp\/v2\/users\/1"}],"replies":[{"embeddable":true,"href":"\/cajuina\/wp-json\/wp\/v2\/comments?post=752"}],"version-history":[{"count":11,"href":"\/cajuina\/wp-json\/wp\/v2\/pages\/752\/revisions"}],"predecessor-version":[{"id":1087,"href":"\/cajuina\/wp-json\/wp\/v2\/pages\/752\/revisions\/1087"}],"wp:attachment":[{"href":"\/cajuina\/wp-json\/wp\/v2\/media?parent=752"}],"curies":[{"name":"wp","href":"https:\/\/api.w.org\/{rel}","templated":true}]}}