{"id":847,"date":"2023-03-09T15:55:02","date_gmt":"2023-03-09T18:55:02","guid":{"rendered":"\/cajuina\/?page_id=847"},"modified":"2023-04-17T10:34:54","modified_gmt":"2023-04-17T13:34:54","slug":"projetos","status":"publish","type":"page","link":"\/cajuina\/projetos\/","title":{"rendered":"Projetos"},"content":{"rendered":"<section class=\"wpb-content-wrapper\"><p>[vc_row css_animation=&#8221;fadeIn&#8221; motts_theme_padding=&#8221;no&#8221; use_container=&#8221;yes&#8221;][vc_column][ts_section_title animate_block=&#8221;yes&#8221; animation_type=&#8221;fadeInUp&#8221; title=&#8221;Projetos&#8221;][vc_row_inner][vc_column_inner width=&#8221;1\/2&#8243;][ts_image_content_box animate_block=&#8221;yes&#8221; animation_type=&#8221;fadeInUp&#8221; image=&#8221;995&#8243; title=&#8221;Centro-Dia&#8221; description=&#8221;Centro-Dia \u00e9 um espa\u00e7o destinado ao atendimento especializado a pessoas idosas, crian\u00e7as com microcefalia e pessoas com defici\u00eancia que tenham algum grau de depend\u00eancia de cuidados.&#8221; url=&#8221;\/cajuina\/centro-dia\/&#8221;][ts_image_content_box animate_block=&#8221;yes&#8221; animation_type=&#8221;fadeInUp&#8221; image=&#8221;993&#8243; title=&#8221;Escola Empresa&#8221; description=&#8221;Esse projeto estabelecer a integra\u00e7\u00e3o entre escolas e empresas para abertura de espa\u00e7o efetivo de qualifica\u00e7\u00e3o em trabalho de estudantes do ensino m\u00e9dio e superior.&#8221; url=&#8221;\/cajuina\/escola-empresa\/&#8221;][ts_image_content_box animate_block=&#8221;yes&#8221; animation_type=&#8221;fadeInUp&#8221; title=&#8221;Florescer&#8221; description=&#8221;O projeto Florescer \u00e9 o servi\u00e7o de atendimento integral a mulher e suas crian\u00e7as.&#8221; url=&#8221;\/cajuina\/florecer\/&#8221; image=&#8221;991&#8243;][\/vc_column_inner][vc_column_inner width=&#8221;1\/2&#8243;][ts_image_content_box animate_block=&#8221;yes&#8221; animation_type=&#8221;fadeInUp&#8221; image=&#8221;990&#8243; title=&#8221;Reencontro&#8221; description=&#8221;A Casa Reencontro \u00e9 um servi\u00e7o de acolhimento institucional que tem como objetivo de garantir prote\u00e7\u00e3o integral da crian\u00e7a e\/ou adolescente que se encontram em situa\u00e7\u00e3o de risco pessoal e social.&#8221; url=&#8221;\/cajuina\/reencontro\/&#8221;][ts_image_content_box animate_block=&#8221;yes&#8221; animation_type=&#8221;fadeInUp&#8221; image=&#8221;1045&#8243; title=&#8221;Servi\u00e7o de Conviv\u00eancia&#8221; description=&#8221;O servi\u00e7o de conviv\u00eancia oferece prote\u00e7\u00e3o social (atendimento) aqueles indiv\u00edduos ou grupos que se encontram em situa\u00e7\u00f5es de vulnerabilidade, ou, risco pessoal e\/ou social.&#8221; url=&#8221;\/cajuina\/servico-de-convivencia\/&#8221;][ts_image_content_box animate_block=&#8221;yes&#8221; animation_type=&#8221;fadeInUp&#8221; title=&#8221;Vida de Menina&#8221; description=&#8221;Vida de Menina &#8211; Unindo Sonhos \u00e0 realidade \u00e9 um projeto pr\u00f3prio da Funda\u00e7\u00e3o Caju\u00edna.&#8221; url=&#8221;\/cajuina\/vida-de-menina\/&#8221; image=&#8221;992&#8243;][\/vc_column_inner][\/vc_row_inner][\/vc_column][\/vc_row]<\/p>\n<\/section>","protected":false},"excerpt":{"rendered":"<p>[vc_row css_animation=&#8221;fadeIn&#8221; motts_theme_padding=&#8221;no&#8221; use_container=&#8221;yes&#8221;][vc_column][ts_section_title animate_block=&#8221;yes&#8221; animation_type=&#8221;fadeInUp&#8221; title=&#8221;Projetos&#8221;][vc_row_inner][vc_column_inner width=&#8221;1\/2&#8243;][ts_image_content_box animate_block=&#8221;yes&#8221; animation_type=&#8221;fadeInUp&#8221; image=&#8221;995&#8243; title=&#8221;Centro-Dia&#8221; description=&#8221;Centro-Dia \u00e9 um espa\u00e7o destinado ao atendimento especializado a pessoas idosas, crian\u00e7as com microcefalia e pessoas com defici\u00eancia que tenham algum grau de depend\u00eancia de cuidados.&#8221; url=&#8221;\/cajuina\/centro-dia\/&#8221;][ts_image_content_box animate_block=&#8221;yes&#8221; animation_type=&#8221;fadeInUp&#8221; image=&#8221;993&#8243; title=&#8221;Escola Empresa&#8221; description=&#8221;Esse projeto estabelecer a integra\u00e7\u00e3o entre escolas e empresas para abertura [&hellip;]<\/p>\n","protected":false},"author":1,"featured_media":0,"parent":0,"menu_order":0,"comment_status":"closed","ping_status":"closed","template":"","meta":{"_mi_skip_tracking":false,"footnotes":""},"class_list":["post-847","page","type-page","status-publish","hentry"],"aioseo_notices":[],"_links":{"self":[{"href":"\/cajuina\/wp-json\/wp\/v2\/pages\/847","targetHints":{"allow":["GET"]}}],"collection":[{"href":"\/cajuina\/wp-json\/wp\/v2\/pages"}],"about":[{"href":"\/cajuina\/wp-json\/wp\/v2\/types\/page"}],"author":[{"embeddable":true,"href":"\/cajuina\/wp-json\/wp\/v2\/users\/1"}],"replies":[{"embeddable":true,"href":"\/cajuina\/wp-json\/wp\/v2\/comments?post=847"}],"version-history":[{"count":17,"href":"\/cajuina\/wp-json\/wp\/v2\/pages\/847\/revisions"}],"predecessor-version":[{"id":1047,"href":"\/cajuina\/wp-json\/wp\/v2\/pages\/847\/revisions\/1047"}],"wp:attachment":[{"href":"\/cajuina\/wp-json\/wp\/v2\/media?parent=847"}],"curies":[{"name":"wp","href":"https:\/\/api.w.org\/{rel}","templated":true}]}}